{"id":304,"date":"2015-01-23T11:34:02","date_gmt":"2015-01-23T10:34:02","guid":{"rendered":"http:\/\/ukrainehilfe-breitscheid.de\/?page_id=304"},"modified":"2016-11-07T19:49:02","modified_gmt":"2016-11-07T18:49:02","slug":"berichte","status":"publish","type":"page","link":"https:\/\/ukrainehilfe-breitscheid.de\/?page_id=304","title":{"rendered":"Berichte"},"content":{"rendered":"<h2>&#8222;Stehen finanziell an der Wand&#8220;<\/h2>\n<p><strong>PROJEKT Ukrainehilfe ist nach Frohnhausen umgezogen \/ Mobile Sammlungen<\/strong><\/p>\n<p>Breitscheid\/Dillenburg-Frohnhausen. Die Breitscheider Ukrainehilfe ist umgezogen: Seit Mitte Dezember befindet sich ihr Lager in der Industriestra\u00dfe 26 in Frohnhausen. Am neuen Standort haben die Helfer zwar nur 600 Quadratmeter Stellfl\u00e4che zur Verf\u00fcgung (bisher waren es 200 mehr), k\u00f6nnen aber h\u00f6her stapeln. Die finanzielle Lager der Helfer ist nicht rosig. &#8222;Wir stehen mit dem R\u00fccken zur Wand&#8220;, erkl\u00e4rt der Vorsitzende Heinrich Benner.<\/p>\n<p style=\"text-align: right;\"><a href=\"http:\/\/www.mittelhessen.de\/lokales\/region-dillenburg_artikel,-Stehen-finanziell-an-der-Wand-_arid,406916.html\" target=\"_blank\">Weiterlesen auf Mittelhessen.de<\/a><\/p>\n<hr \/>\n<h2 style=\"text-align: left;\">Reisebericht von Thomas Wolf<\/h2>\n<p style=\"text-align: left;\">Mein Name ist Thomas Wolf, ich bin 28 Jahre alt, komme aus Niedernhausen bei Wiesbaden<br \/>\nund arbeite heute nach einiger Erfahrung in der Speditionsbranche im LKW-Vertrieb. Mein Vater organisierte fast 20 Jahre lang Hilfsg\u00fctertransporte in verschiedenste L\u00e4nder und Regionen Osteuropas. Seit dem Grundschulalter begleitete ich ich Ihn daher &#8211; zun\u00e4chst bei den Vorbereitungen &#8211; sp\u00e4ter auch selbst als Fahrer und Organisator bei 18 seiner Transporte. \u00dcber meinen Arbeitskollegen Andreas Wolst wurde ich auf die \u201eUkrainehilfe Breitscheid\u201c aufmerksam, f\u00fcr die er sich bereits seit 14 Jahren ehrenamtlich engagiert. Nach fast 2 Jahren Hilfstransport-Pause wurde ich im September 2014 zum ersten Mal wieder ehrenamtlich t\u00e4tig &#8211; f\u00fcr die Ukrainehilfe Breitscheid &#8211; und begleitete im Oktober deren 58. Konvoi in die Ukraine, gemeinsam mit dem Kollegen als Doppelbesatzung in einem der 5 LKW.<\/p>\n<p style=\"text-align: left;\"><a href=\"http:\/\/ukrainehilfe-breitscheid.de\/wp-content\/uploads\/2015\/01\/Reisebericht-kurz.pdf\">Mein Bericht: Download<\/a><\/p>\n","protected":false},"excerpt":{"rendered":"<p>&#8222;Stehen finanziell an der Wand&#8220; PROJEKT Ukrainehilfe ist nach Frohnhausen umgezogen \/ Mobile Sammlungen Breitscheid\/Dillenburg-Frohnhausen. Die Breitscheider Ukrainehilfe ist umgezogen: Seit Mitte Dezember befindet sich ihr Lager in der Industriestra\u00dfe 26 in Frohnhausen. Am neuen Standort haben die Helfer zwar nur 600 Quadratmeter Stellfl\u00e4che zur Verf\u00fcgung (bisher waren es 200 mehr), k\u00f6nnen aber h\u00f6her stapeln. [&hellip;]<\/p>\n","protected":false},"author":1,"featured_media":0,"parent":0,"menu_order":0,"comment_status":"closed","ping_status":"closed","template":"page-templates\/full-width.php","meta":{"footnotes":""},"class_list":["post-304","page","type-page","status-publish","hentry"],"_links":{"self":[{"href":"https:\/\/ukrainehilfe-breitscheid.de\/index.php?rest_route=\/wp\/v2\/pages\/304","targetHints":{"allow":["GET"]}}],"collection":[{"href":"https:\/\/ukrainehilfe-breitscheid.de\/index.php?rest_route=\/wp\/v2\/pages"}],"about":[{"href":"https:\/\/ukrainehilfe-breitscheid.de\/index.php?rest_route=\/wp\/v2\/types\/page"}],"author":[{"embeddable":true,"href":"https:\/\/ukrainehilfe-breitscheid.de\/index.php?rest_route=\/wp\/v2\/users\/1"}],"replies":[{"embeddable":true,"href":"https:\/\/ukrainehilfe-breitscheid.de\/index.php?rest_route=%2Fwp%2Fv2%2Fcomments&post=304"}],"version-history":[{"count":6,"href":"https:\/\/ukrainehilfe-breitscheid.de\/index.php?rest_route=\/wp\/v2\/pages\/304\/revisions"}],"predecessor-version":[{"id":454,"href":"https:\/\/ukrainehilfe-breitscheid.de\/index.php?rest_route=\/wp\/v2\/pages\/304\/revisions\/454"}],"wp:attachment":[{"href":"https:\/\/ukrainehilfe-breitscheid.de\/index.php?rest_route=%2Fwp%2Fv2%2Fmedia&parent=304"}],"curies":[{"name":"wp","href":"https:\/\/api.w.org\/{rel}","templated":true}]}}