{"id":37,"date":"2014-10-15T20:38:40","date_gmt":"2014-10-15T18:38:40","guid":{"rendered":"http:\/\/wordpress.ukrainehilfe-breitscheid.de\/?page_id=37"},"modified":"2022-06-29T15:40:57","modified_gmt":"2022-06-29T13:40:57","slug":"mithelfen","status":"publish","type":"page","link":"https:\/\/ukrainehilfe-breitscheid.de\/?page_id=37","title":{"rendered":"MITHELFEN"},"content":{"rendered":"<p>Von M\u00e4rz bis Oktober wird das Lager jeden 1. Samstag im Monat von 9.30 &#8211; 12.30 Uhr zur Spendenannahme ge\u00f6ffnet. Hier treffen sich dann die Mitglieder und Helfer der Ukrainehilfe Breitscheid zum Sortieren, Verpacken und Einlagern der Sachspenden, die dann vor Transportbeginn auf die LKWs geladen werden m\u00fcssen. Zu diesen Arbeiten wird jede Hand gebraucht, denn &#8222;viele H\u00e4nde bereiten der Arbeit schnell ein Ende&#8220;. Je mehr Helfer kommen, desto einfacher ist es f\u00fcr jeden Einzelnen. Kommen Sie einfach mal vorbei oder rufen uns an.<\/p>\n<p>Die &#8222;Arbeit&#8220; in einem netten Team macht allen Spa\u00df und so ist es immer eine Freude, viele Helfer samstags anzutreffen. F\u00fcr das leibliche Wohl der Helfer ist bestens gesorgt. Also:<\/p>\n<h3>&#8222;Helfen Sie uns helfen&#8220;!<\/h3>\n","protected":false},"excerpt":{"rendered":"<p>Von M\u00e4rz bis Oktober wird das Lager jeden 1. Samstag im Monat von 9.30 &#8211; 12.30 Uhr zur Spendenannahme ge\u00f6ffnet. Hier treffen sich dann die Mitglieder und Helfer der Ukrainehilfe Breitscheid zum Sortieren, Verpacken und Einlagern der Sachspenden, die dann vor Transportbeginn auf die LKWs geladen werden m\u00fcssen. Zu diesen Arbeiten wird jede Hand gebraucht, [&hellip;]<\/p>\n","protected":false},"author":1,"featured_media":0,"parent":0,"menu_order":0,"comment_status":"closed","ping_status":"closed","template":"page-templates\/full-width.php","meta":{"footnotes":""},"class_list":["post-37","page","type-page","status-publish","hentry"],"_links":{"self":[{"href":"https:\/\/ukrainehilfe-breitscheid.de\/index.php?rest_route=\/wp\/v2\/pages\/37","targetHints":{"allow":["GET"]}}],"collection":[{"href":"https:\/\/ukrainehilfe-breitscheid.de\/index.php?rest_route=\/wp\/v2\/pages"}],"about":[{"href":"https:\/\/ukrainehilfe-breitscheid.de\/index.php?rest_route=\/wp\/v2\/types\/page"}],"author":[{"embeddable":true,"href":"https:\/\/ukrainehilfe-breitscheid.de\/index.php?rest_route=\/wp\/v2\/users\/1"}],"replies":[{"embeddable":true,"href":"https:\/\/ukrainehilfe-breitscheid.de\/index.php?rest_route=%2Fwp%2Fv2%2Fcomments&post=37"}],"version-history":[{"count":4,"href":"https:\/\/ukrainehilfe-breitscheid.de\/index.php?rest_route=\/wp\/v2\/pages\/37\/revisions"}],"predecessor-version":[{"id":903,"href":"https:\/\/ukrainehilfe-breitscheid.de\/index.php?rest_route=\/wp\/v2\/pages\/37\/revisions\/903"}],"wp:attachment":[{"href":"https:\/\/ukrainehilfe-breitscheid.de\/index.php?rest_route=%2Fwp%2Fv2%2Fmedia&parent=37"}],"curies":[{"name":"wp","href":"https:\/\/api.w.org\/{rel}","templated":true}]}}