{"id":65,"date":"2014-10-15T20:58:24","date_gmt":"2014-10-15T18:58:24","guid":{"rendered":"http:\/\/wordpress.ukrainehilfe-breitscheid.de\/?page_id=65"},"modified":"2016-11-07T19:41:06","modified_gmt":"2016-11-07T18:41:06","slug":"beregynia","status":"publish","type":"page","link":"https:\/\/ukrainehilfe-breitscheid.de\/?page_id=65","title":{"rendered":"Beregynia"},"content":{"rendered":"<h2>Wer ist &#8222;Beregynia&#8220;?<\/h2>\n<div>\nIm Januar 2006 wurde uns\u00a0die Wohlt\u00e4tigkeitsstiftung &#8222;Beregynja&#8220; von den Beh\u00f6rden vor Ort vorgestellt. Die Wohlt\u00e4tigkeitsstiftung &#8222;Beregynia&#8220; ist ein Zusammenschluss ehrenamtlicher B\u00fcrger Brodys, die sich f\u00fcr ihre Mitmenschen engagieren. In einem Land wo so viel Armut herrscht, trifft man sehr selten jemanden, der \u00fcber seinen eigenen Tellerrand hinausschaut. Umso gl\u00fccklicher sind wir, einen aufrichtigen und ehrlichen Partner an Ort und Stelle gefunden zu haben.<\/p>\n<p>&#8222;<strong>Beregynia<\/strong>&#8220; organisiert die unterj\u00e4hrige Spendenausgabe. Dabei wird in Zusammenarbeit mit dem Sozialamt genau \u00fcberwacht, ob die Menschen tats\u00e4chlich bed\u00fcrftig sind. So kann sichergestellt werden, dass die in Deutschland liebevoll gepackten Spendenpakete nicht in die falschen H\u00e4nde geraten.<\/p>\n<p>Die &#8222;<strong>Laurentius Suppenk\u00fcche<\/strong>&#8220; in Brody wird ebenfalls von &#8222;Beregynia&#8220; organisiert. Hier erhalten Bed\u00fcrftige einmal t\u00e4glich eine warme Mahlzeit. Zweimal im Jahr bringen wir Lebensmittel, \u00fcbernehmen die Lohnkosten f\u00fcr die K\u00f6chinnen und lassen\u00a0gen\u00fcgend Barmittel f\u00fcr den Zukauf frischer Lebensmittel dort.<\/p>\n<p>Die Lebensmittel kaufen wir\u00a0bei unseren\u00a0Aufenthalten in Brody im ca. 110 km entfernten Ternopil, ca. 20 Tonnen pro Halbjahr, die neben der Suppenk\u00fcche auch an Schulen und Kinderg\u00e4rten sowie Bed\u00fcrftige verteilt werden. In der Ukraine sind Ganztagsschulen und -kinderg\u00e4rten \u00fcblich, so dass die Kinder verk\u00f6stigt werden m\u00fcssen. Die Kosten hierf\u00fcr tragen die Eltern, was bei sozial schwachen Familien nicht m\u00f6glich ist. Hier greift unsere Hilfe.<\/p>\n<p>Die Klinikeinrichtungen in Brody und Volodymyr-Volynsky erscheinen uns Deutschen unfassbar. Schon bei der ersten Begegnung mit einem Krankenwagen wird jedem klar, dass er im Notfall wenig zu erwarten hat. Mangels ordentlicher medizinischer Diagnosetechnik betrachten sich die dortigen \u00c4rzte eher als geschulte Handwerker.<\/p>\n<p>Die <strong>Bezirksklinik in Brody<\/strong> umfasst in drei Geb\u00e4uden ca. 500 Betten, hinzu kommen noch 5 weitere Kliniken mit ca. 1.500 Betten in der Region. Seit 1994 unterst\u00fctzen wir diese Bezirksklinik mit medizinischem Ger\u00e4t, Krankenhausbetten, Toiletten- und Rollst\u00fchlen und anderen notwendigen Hilfsg\u00fctern,\u00a0die in Deutschland wegen fortlaufender Neuerungen ausgemustert wurden. St\u00fcck f\u00fcr St\u00fcck gelingt es, den \u00c4rzten eine vern\u00fcnftige Arbeitsgrundlage zu beschaffen. Um Stromschwankungen und -ausf\u00e4llen vorzubeugen, wurde ein gro\u00dfes Notstromaggregat installiert. 1998 wurde zur Geb\u00e4udeerhaltung das Klinikdach komplett saniert, da inzwischen das Wasser im OP von den W\u00e4nden lief. Seit 2002 wird das von uns gelieferte R\u00f6ntgenger\u00e4t betrieben, das einzige in der Region. Regelm\u00e4\u00dfig wird dieses durch deutsche Techniker general\u00fcberholt.<\/p>\n<p>Die Bezirksklinik in Brody sollte wegen unzumutbarer hygienischer Missst\u00e4nde innerhalb der W\u00e4scherei geschlossen werden. Damit w\u00e4re das einzige Krankenhaus im Umkreis von 70 km weggefallen. Bei den langen Wegen auf dem Land w\u00e4re dies eine schiere Katastrophe f\u00fcr die Menschen dort gewesen. Mit der Sanierung von Dach, Decke, Fenstern und T\u00fcren haben wir es geschafft, den Standort zun\u00e4chst mal zu sichern. Dennoch befinden sich die Herzst\u00fccke in ekelerregendem Zustand: W\u00e4hrend des Betriebes fluten die undichten Waschmaschinen regelm\u00e4\u00dfig das ganze Geb\u00e4ude. Von Hygiene kann hier wirklich keine Rede mehr sein. Mit unserer Unterst\u00fctzung geh\u00f6ren auch die maroden Waschmaschinen bald der Geschichte an.<\/p>\n<div class='polaroid-gallery galleryid-65' style='width:680px;'>\n\t\t\t<a href=\"https:\/\/ukrainehilfe-breitscheid.de\/wp-content\/uploads\/2014\/10\/2011-05-124-1024x768.jpg\" title=\"Beregynja\" rel=\"polaroid_598091774\" class=\"polaroid-gallery-item showcaption\"><span class=\"polaroid-gallery-image\" title=\"\" style=\"background-image: url(https:\/\/ukrainehilfe-breitscheid.de\/wp-content\/uploads\/2014\/10\/2011-05-124-150x150.jpg); width: 150px; height: 150px;\"><\/span><\/a>\n\t\t\t<a href=\"https:\/\/ukrainehilfe-breitscheid.de\/wp-content\/uploads\/2014\/10\/IMG10185-1024x683.jpg\" title=\"Beregynja\" rel=\"polaroid_598091774\" class=\"polaroid-gallery-item showcaption\"><span class=\"polaroid-gallery-image\" title=\"\" style=\"background-image: url(https:\/\/ukrainehilfe-breitscheid.de\/wp-content\/uploads\/2014\/10\/IMG10185-150x150.jpg); width: 150px; height: 150px;\"><\/span><\/a>\n\t\t\t<a href=\"https:\/\/ukrainehilfe-breitscheid.de\/wp-content\/uploads\/2014\/10\/1522-1024x680.jpg\" title=\"Beregynja\" rel=\"polaroid_598091774\" class=\"polaroid-gallery-item showcaption\"><span class=\"polaroid-gallery-image\" title=\"\" style=\"background-image: url(https:\/\/ukrainehilfe-breitscheid.de\/wp-content\/uploads\/2014\/10\/1522-150x150.jpg); width: 150px; height: 150px;\"><\/span><\/a>\n\t\t\t<a href=\"https:\/\/ukrainehilfe-breitscheid.de\/wp-content\/uploads\/2014\/10\/IMG_51327-1024x768.jpg\" title=\"Beregynja\" rel=\"polaroid_598091774\" class=\"polaroid-gallery-item showcaption\"><span class=\"polaroid-gallery-image\" title=\"\" style=\"background-image: url(https:\/\/ukrainehilfe-breitscheid.de\/wp-content\/uploads\/2014\/10\/IMG_51327-150x150.jpg); width: 150px; height: 150px;\"><\/span><\/a>\n\t\t\t<br style=\"clear: both;\" \/>\n\t\t\t<a href=\"https:\/\/ukrainehilfe-breitscheid.de\/wp-content\/uploads\/2014\/10\/Bilder-v.-Silas-Koch-676-1024x678.jpg\" title=\"Beregynja\" rel=\"polaroid_598091774\" class=\"polaroid-gallery-item showcaption\"><span class=\"polaroid-gallery-image\" title=\"\" style=\"background-image: url(https:\/\/ukrainehilfe-breitscheid.de\/wp-content\/uploads\/2014\/10\/Bilder-v.-Silas-Koch-676-150x150.jpg); width: 150px; height: 150px;\"><\/span><\/a>\n\t\t\t<a href=\"https:\/\/ukrainehilfe-breitscheid.de\/wp-content\/uploads\/2014\/10\/Bilder-v.-Silas-Koch-1166-1024x682.jpg\" title=\"Beregynja\" rel=\"polaroid_598091774\" class=\"polaroid-gallery-item showcaption\"><span class=\"polaroid-gallery-image\" title=\"\" style=\"background-image: url(https:\/\/ukrainehilfe-breitscheid.de\/wp-content\/uploads\/2014\/10\/Bilder-v.-Silas-Koch-1166-150x150.jpg); width: 150px; height: 150px;\"><\/span><\/a>\n\t\t\t<a href=\"https:\/\/ukrainehilfe-breitscheid.de\/wp-content\/uploads\/2014\/10\/SchlechteStra\u00dfen-1024x768.jpg\" title=\"Beregynia\" rel=\"polaroid_598091774\" class=\"polaroid-gallery-item showcaption\"><span class=\"polaroid-gallery-image\" title=\"\" style=\"background-image: url(https:\/\/ukrainehilfe-breitscheid.de\/wp-content\/uploads\/2014\/10\/SchlechteStra\u00dfen-150x150.jpg); width: 150px; height: 150px;\"><\/span><\/a>\n\t\t\t<a href=\"https:\/\/ukrainehilfe-breitscheid.de\/wp-content\/uploads\/2014\/10\/BeregynjaAustausch2-1024x768.jpg\" title=\"Beregynia\" rel=\"polaroid_598091774\" class=\"polaroid-gallery-item showcaption\"><span class=\"polaroid-gallery-image\" title=\"\" style=\"background-image: url(https:\/\/ukrainehilfe-breitscheid.de\/wp-content\/uploads\/2014\/10\/BeregynjaAustausch2-150x150.jpg); width: 150px; height: 150px;\"><\/span><\/a>\n\t\t\t<br style=\"clear: both;\" \/>\n\t\t\t<a href=\"https:\/\/ukrainehilfe-breitscheid.de\/wp-content\/uploads\/2014\/10\/Bilder-v.-Silas-Koch-1168-1024x682.jpg\" title=\"Beregynja\" rel=\"polaroid_598091774\" class=\"polaroid-gallery-item showcaption\"><span class=\"polaroid-gallery-image\" title=\"\" style=\"background-image: url(https:\/\/ukrainehilfe-breitscheid.de\/wp-content\/uploads\/2014\/10\/Bilder-v.-Silas-Koch-1168-150x150.jpg); width: 150px; height: 150px;\"><\/span><\/a>\n\t\t\t<a href=\"https:\/\/ukrainehilfe-breitscheid.de\/wp-content\/uploads\/2014\/10\/2011-05-127-1024x768.jpg\" title=\"Beregynja\" rel=\"polaroid_598091774\" class=\"polaroid-gallery-item showcaption\"><span class=\"polaroid-gallery-image\" title=\"\" style=\"background-image: url(https:\/\/ukrainehilfe-breitscheid.de\/wp-content\/uploads\/2014\/10\/2011-05-127-150x150.jpg); width: 150px; height: 150px;\"><\/span><\/a>\n\t\t\t<a href=\"https:\/\/ukrainehilfe-breitscheid.de\/wp-content\/uploads\/2014\/10\/2561-1024x680.jpg\" title=\"Beregynja\" rel=\"polaroid_598091774\" class=\"polaroid-gallery-item showcaption\"><span class=\"polaroid-gallery-image\" title=\"\" style=\"background-image: url(https:\/\/ukrainehilfe-breitscheid.de\/wp-content\/uploads\/2014\/10\/2561-150x150.jpg); width: 150px; height: 150px;\"><\/span><\/a>\n\t\t\t<a href=\"https:\/\/ukrainehilfe-breitscheid.de\/wp-content\/uploads\/2014\/10\/007-1024x678.jpg\" title=\"Beregynja\" rel=\"polaroid_598091774\" class=\"polaroid-gallery-item showcaption\"><span class=\"polaroid-gallery-image\" title=\"\" style=\"background-image: url(https:\/\/ukrainehilfe-breitscheid.de\/wp-content\/uploads\/2014\/10\/007-150x150.jpg); width: 150px; height: 150px;\"><\/span><\/a>\n\t\t\t<br style=\"clear: both;\" \/>\n\t\t\t<a href=\"https:\/\/ukrainehilfe-breitscheid.de\/wp-content\/uploads\/2014\/10\/528-1024x683.jpg\" title=\"Beregynja\" rel=\"polaroid_598091774\" class=\"polaroid-gallery-item showcaption\"><span class=\"polaroid-gallery-image\" title=\"\" style=\"background-image: url(https:\/\/ukrainehilfe-breitscheid.de\/wp-content\/uploads\/2014\/10\/528-150x150.jpg); width: 150px; height: 150px;\"><\/span><\/a>\n\t\t\t<br style=\"clear: both;\" \/><\/div>\n<\/div>\n","protected":false},"excerpt":{"rendered":"<p>Wer ist &#8222;Beregynia&#8220;? Im Januar 2006 wurde uns\u00a0die Wohlt\u00e4tigkeitsstiftung &#8222;Beregynja&#8220; von den Beh\u00f6rden vor Ort vorgestellt. Die Wohlt\u00e4tigkeitsstiftung &#8222;Beregynia&#8220; ist ein Zusammenschluss ehrenamtlicher B\u00fcrger Brodys, die sich f\u00fcr ihre Mitmenschen engagieren. In einem Land wo so viel Armut herrscht, trifft man sehr selten jemanden, der \u00fcber seinen eigenen Tellerrand hinausschaut. Umso gl\u00fccklicher sind wir, einen [&hellip;]<\/p>\n","protected":false},"author":1,"featured_media":0,"parent":35,"menu_order":0,"comment_status":"closed","ping_status":"closed","template":"page-templates\/full-width.php","meta":{"footnotes":""},"class_list":["post-65","page","type-page","status-publish","hentry"],"_links":{"self":[{"href":"https:\/\/ukrainehilfe-breitscheid.de\/index.php?rest_route=\/wp\/v2\/pages\/65","targetHints":{"allow":["GET"]}}],"collection":[{"href":"https:\/\/ukrainehilfe-breitscheid.de\/index.php?rest_route=\/wp\/v2\/pages"}],"about":[{"href":"https:\/\/ukrainehilfe-breitscheid.de\/index.php?rest_route=\/wp\/v2\/types\/page"}],"author":[{"embeddable":true,"href":"https:\/\/ukrainehilfe-breitscheid.de\/index.php?rest_route=\/wp\/v2\/users\/1"}],"replies":[{"embeddable":true,"href":"https:\/\/ukrainehilfe-breitscheid.de\/index.php?rest_route=%2Fwp%2Fv2%2Fcomments&post=65"}],"version-history":[{"count":6,"href":"https:\/\/ukrainehilfe-breitscheid.de\/index.php?rest_route=\/wp\/v2\/pages\/65\/revisions"}],"predecessor-version":[{"id":450,"href":"https:\/\/ukrainehilfe-breitscheid.de\/index.php?rest_route=\/wp\/v2\/pages\/65\/revisions\/450"}],"up":[{"embeddable":true,"href":"https:\/\/ukrainehilfe-breitscheid.de\/index.php?rest_route=\/wp\/v2\/pages\/35"}],"wp:attachment":[{"href":"https:\/\/ukrainehilfe-breitscheid.de\/index.php?rest_route=%2Fwp%2Fv2%2Fmedia&parent=65"}],"curies":[{"name":"wp","href":"https:\/\/api.w.org\/{rel}","templated":true}]}}