{"id":67,"date":"2014-10-15T20:59:01","date_gmt":"2014-10-15T18:59:01","guid":{"rendered":"http:\/\/wordpress.ukrainehilfe-breitscheid.de\/?page_id=67"},"modified":"2015-01-25T17:52:30","modified_gmt":"2015-01-25T16:52:30","slug":"suppenkueche","status":"publish","type":"page","link":"https:\/\/ukrainehilfe-breitscheid.de\/?page_id=67","title":{"rendered":"Suppenk\u00fcche"},"content":{"rendered":"<p>Im Juni 2011 konnten wir die &#8222;Laurentius Suppenk\u00fcche&#8220; in Brody wieder in Betrieb nehmen. Bis Anfang 2014 bekamen dort t\u00e4glich etwa 140 bed\u00fcrftige Menschen eine warme Mahlzeit. Durch die Nichtzahlung der Sozialleistungen des ukrainischen Staats an die Kommunen sowie die Einstellung der russischen Renten an fr\u00fchere Milit\u00e4rbedienstete ist die Armutsrate gestiegen\u00a0und somit auch die Anzahl der Bed\u00fcrftigen, die die Suppenk\u00fcche aufsuchen. Neben vielen Rentnern und sozial schwachen B\u00fcrgern kommen auch zahlreiche Kinder zum Mittagessen in diese Einrichtung. Die K\u00f6chinnen bereiten schmackhafte und abwechslungsreiche Mahlzeiten zu. Bettl\u00e4gerige oder gehbehinderte Menschen\u00a0bekommen das Essen nach Hause gebracht.<\/p>\n<p>Die Armenspeisung\u00a0wird von &#8222;Beregynja&#8220; organisiert. Nur wer seine Bed\u00fcrftigkeit auch wirklich nachweisen kann, hat einen Anspruch auf diese Verk\u00f6stigung.\u00a0Daf\u00fcr kaufen wir bei jedem Aufenthalt auf einem Gro\u00dfmarkt im ca. 110 km entfernten\u00a0Ternopil Lebensmittel ein, die dann bis zum n\u00e4chsten Transport, also etwa ein halbes Jahr lang, ausreichen m\u00fcssen. Wir \u00fcbernehmen auch die Lohnkosten f\u00fcr die K\u00f6chinnen und lassen\u00a0gen\u00fcgend Barmittel f\u00fcr den Zukauf frischer Lebensmittel dort.<\/p>\n<div class='polaroid-gallery galleryid-67' style='width:850px;'>\n\t\t\t<a href=\"https:\/\/ukrainehilfe-breitscheid.de\/wp-content\/uploads\/2014\/10\/001-1024x768.jpg\" title=\"Suppenk\u00fcche\" rel=\"polaroid_1387936692\" class=\"polaroid-gallery-item showcaption\"><span class=\"polaroid-gallery-image\" title=\"\" style=\"background-image: url(https:\/\/ukrainehilfe-breitscheid.de\/wp-content\/uploads\/2014\/10\/001-150x150.jpg); width: 150px; height: 150px;\"><\/span><\/a>\n\t\t\t<a href=\"https:\/\/ukrainehilfe-breitscheid.de\/wp-content\/uploads\/2014\/10\/IMG_3345.jpg\" title=\"Suppenk\u00fcche\" rel=\"polaroid_1387936692\" class=\"polaroid-gallery-item showcaption\"><span class=\"polaroid-gallery-image\" title=\"\" style=\"background-image: url(https:\/\/ukrainehilfe-breitscheid.de\/wp-content\/uploads\/2014\/10\/IMG_3345-150x150.jpg); width: 150px; height: 150px;\"><\/span><\/a>\n\t\t\t<a href=\"https:\/\/ukrainehilfe-breitscheid.de\/wp-content\/uploads\/2014\/10\/009-1024x768.jpg\" title=\"Suppenk\u00fcche\" rel=\"polaroid_1387936692\" class=\"polaroid-gallery-item showcaption\"><span class=\"polaroid-gallery-image\" title=\"\" style=\"background-image: url(https:\/\/ukrainehilfe-breitscheid.de\/wp-content\/uploads\/2014\/10\/009-150x150.jpg); width: 150px; height: 150px;\"><\/span><\/a>\n\t\t\t<a href=\"https:\/\/ukrainehilfe-breitscheid.de\/wp-content\/uploads\/2014\/10\/002-1024x768.jpg\" title=\"Suppenk\u00fcche\" rel=\"polaroid_1387936692\" class=\"polaroid-gallery-item showcaption\"><span class=\"polaroid-gallery-image\" title=\"\" style=\"background-image: url(https:\/\/ukrainehilfe-breitscheid.de\/wp-content\/uploads\/2014\/10\/002-150x150.jpg); width: 150px; height: 150px;\"><\/span><\/a>\n\t\t\t<a href=\"https:\/\/ukrainehilfe-breitscheid.de\/wp-content\/uploads\/2014\/10\/004-1024x768.jpg\" title=\"Suppenk\u00fcche\" rel=\"polaroid_1387936692\" class=\"polaroid-gallery-item showcaption\"><span class=\"polaroid-gallery-image\" title=\"\" style=\"background-image: url(https:\/\/ukrainehilfe-breitscheid.de\/wp-content\/uploads\/2014\/10\/004-150x150.jpg); width: 150px; height: 150px;\"><\/span><\/a>\n\t\t\t<br style=\"clear: both;\" \/>\n\t\t\t<a href=\"https:\/\/ukrainehilfe-breitscheid.de\/wp-content\/uploads\/2014\/10\/2011-07-49-768x1024.jpg\" title=\"Suppenk\u00fcche\" rel=\"polaroid_1387936692\" class=\"polaroid-gallery-item showcaption\"><span class=\"polaroid-gallery-image\" title=\"\" style=\"background-image: url(https:\/\/ukrainehilfe-breitscheid.de\/wp-content\/uploads\/2014\/10\/2011-07-49-150x150.jpg); width: 150px; height: 150px;\"><\/span><\/a>\n\t\t\t<a href=\"https:\/\/ukrainehilfe-breitscheid.de\/wp-content\/uploads\/2014\/10\/2011-07-36-1024x768.jpg\" title=\"Suppenk\u00fcche\" rel=\"polaroid_1387936692\" class=\"polaroid-gallery-item showcaption\"><span class=\"polaroid-gallery-image\" title=\"\" style=\"background-image: url(https:\/\/ukrainehilfe-breitscheid.de\/wp-content\/uploads\/2014\/10\/2011-07-36-150x150.jpg); width: 150px; height: 150px;\"><\/span><\/a>\n\t\t\t<a href=\"https:\/\/ukrainehilfe-breitscheid.de\/wp-content\/uploads\/2014\/10\/0031-1024x768.jpg\" title=\"Suppenk\u00fcche\" rel=\"polaroid_1387936692\" class=\"polaroid-gallery-item showcaption\"><span class=\"polaroid-gallery-image\" title=\"\" style=\"background-image: url(https:\/\/ukrainehilfe-breitscheid.de\/wp-content\/uploads\/2014\/10\/0031-150x150.jpg); width: 150px; height: 150px;\"><\/span><\/a>\n\t\t\t<a href=\"https:\/\/ukrainehilfe-breitscheid.de\/wp-content\/uploads\/2014\/10\/0051-1024x678.jpg\" title=\"Suppenk\u00fcche\" rel=\"polaroid_1387936692\" class=\"polaroid-gallery-item showcaption\"><span class=\"polaroid-gallery-image\" title=\"\" style=\"background-image: url(https:\/\/ukrainehilfe-breitscheid.de\/wp-content\/uploads\/2014\/10\/0051-150x150.jpg); width: 150px; height: 150px;\"><\/span><\/a>\n\t\t\t<a href=\"https:\/\/ukrainehilfe-breitscheid.de\/wp-content\/uploads\/2014\/10\/Bilder-v.-Silas-Koch-600-1024x678.jpg\" title=\"Suppenk\u00fcche\" rel=\"polaroid_1387936692\" class=\"polaroid-gallery-item showcaption\"><span class=\"polaroid-gallery-image\" title=\"\" style=\"background-image: url(https:\/\/ukrainehilfe-breitscheid.de\/wp-content\/uploads\/2014\/10\/Bilder-v.-Silas-Koch-600-150x150.jpg); width: 150px; height: 150px;\"><\/span><\/a>\n\t\t\t<br style=\"clear: both;\" \/><\/div>\n\n","protected":false},"excerpt":{"rendered":"<p>Im Juni 2011 konnten wir die &#8222;Laurentius Suppenk\u00fcche&#8220; in Brody wieder in Betrieb nehmen. Bis Anfang 2014 bekamen dort t\u00e4glich etwa 140 bed\u00fcrftige Menschen eine warme Mahlzeit. Durch die Nichtzahlung der Sozialleistungen des ukrainischen Staats an die Kommunen sowie die Einstellung der russischen Renten an fr\u00fchere Milit\u00e4rbedienstete ist die Armutsrate gestiegen\u00a0und somit auch die Anzahl [&hellip;]<\/p>\n","protected":false},"author":1,"featured_media":0,"parent":35,"menu_order":0,"comment_status":"closed","ping_status":"closed","template":"page-templates\/full-width.php","meta":{"footnotes":""},"class_list":["post-67","page","type-page","status-publish","hentry"],"_links":{"self":[{"href":"https:\/\/ukrainehilfe-breitscheid.de\/index.php?rest_route=\/wp\/v2\/pages\/67","targetHints":{"allow":["GET"]}}],"collection":[{"href":"https:\/\/ukrainehilfe-breitscheid.de\/index.php?rest_route=\/wp\/v2\/pages"}],"about":[{"href":"https:\/\/ukrainehilfe-breitscheid.de\/index.php?rest_route=\/wp\/v2\/types\/page"}],"author":[{"embeddable":true,"href":"https:\/\/ukrainehilfe-breitscheid.de\/index.php?rest_route=\/wp\/v2\/users\/1"}],"replies":[{"embeddable":true,"href":"https:\/\/ukrainehilfe-breitscheid.de\/index.php?rest_route=%2Fwp%2Fv2%2Fcomments&post=67"}],"version-history":[{"count":3,"href":"https:\/\/ukrainehilfe-breitscheid.de\/index.php?rest_route=\/wp\/v2\/pages\/67\/revisions"}],"predecessor-version":[{"id":334,"href":"https:\/\/ukrainehilfe-breitscheid.de\/index.php?rest_route=\/wp\/v2\/pages\/67\/revisions\/334"}],"up":[{"embeddable":true,"href":"https:\/\/ukrainehilfe-breitscheid.de\/index.php?rest_route=\/wp\/v2\/pages\/35"}],"wp:attachment":[{"href":"https:\/\/ukrainehilfe-breitscheid.de\/index.php?rest_route=%2Fwp%2Fv2%2Fmedia&parent=67"}],"curies":[{"name":"wp","href":"https:\/\/api.w.org\/{rel}","templated":true}]}}