{"id":69,"date":"2014-10-15T21:00:15","date_gmt":"2014-10-15T19:00:15","guid":{"rendered":"http:\/\/wordpress.ukrainehilfe-breitscheid.de\/?page_id=69"},"modified":"2015-01-23T16:49:02","modified_gmt":"2015-01-23T15:49:02","slug":"strassenkinder","status":"publish","type":"page","link":"https:\/\/ukrainehilfe-breitscheid.de\/?page_id=69","title":{"rendered":"Stra\u00dfenkinder"},"content":{"rendered":"<div>\n<p>Die Jugendorganisation &#8222;Oberih&#8220; in Brody besteht seit 1994 und betreut mittlerweile rund 200 sozial schwache Jugendliche im Alter von 10 bis 25 Jahren auf christlicher Basis.\u00a0Manche davon blieben zur\u00fcck, als sich deren Eltern nach Westeuropa aufmachten, viele andere werden von ihren alkoholabh\u00e4ngigen Familien vernachl\u00e4ssigt. Die sozial schwachen Milieus in diesem Land verleiten leider sehr schnell zum Alkohol- und Drogenmissbrauch. In selbst ausgebauten Kellerr\u00e4umen wurden Aufenthaltsr\u00e4ume errichtet, wobei die Kinder und Jugendlichen beim Ausbau halfen. Hier k\u00f6nnen sie Sport betreiben, spielen und sich an Computern besch\u00e4ftigen. Auch die schulischen Leistungen werden von der Organisation \u00fcberwacht und gef\u00f6rdert. Im Sommer werden Jugendlager durchgef\u00fchrt. Der ehemalige Offizier Boris Spuhr bem\u00fcht sich aufopferungsvoll den Kindern Disziplin und Ordnung beizubringen und bereitet sie auf ihr sp\u00e4teres Leben vor. Gemeinschaft und Respekt spielen hier eine \u00fcbergeordnete Rolle &#8211; genauso auch deren schulisches Vorankommen. Nach vielen Jahren hat &#8222;Oberih&#8220; die entsprechende Anerkennung der Beh\u00f6rden gefunden: Um noch mehr Kinder aufnehmen zu k\u00f6nnen, wurde &#8222;Oberih&#8220; von der Stadt Brody ein Haus zum Ausbau zur Verf\u00fcgung gestellt.<\/p>\n<p>Dieses Projekt ist ein gelungenes Beispiel f\u00fcr funktionierende Sozialarbeit, die es wert ist unterst\u00fctzt zu werden! Seit Fr\u00fchjahr 2006\u00a0wird die Jugendorganisation &#8222;Oberih&#8220; von uns\u00a0mit Bekleidung, Spielen, Computern und Lebensmitteln unterst\u00fctzt.<\/p>\n<div class='polaroid-gallery galleryid-69' style='width:680px;'>\n\t\t\t<a href=\"https:\/\/ukrainehilfe-breitscheid.de\/wp-content\/uploads\/2014\/10\/Oberih-107-1024x768.jpg\" title=\"Stra\u00dfenkinder\" rel=\"polaroid_1655802241\" class=\"polaroid-gallery-item showcaption\"><span class=\"polaroid-gallery-image\" title=\"\" style=\"background-image: url(https:\/\/ukrainehilfe-breitscheid.de\/wp-content\/uploads\/2014\/10\/Oberih-107-150x150.jpg); width: 150px; height: 150px;\"><\/span><\/a>\n\t\t\t<a href=\"https:\/\/ukrainehilfe-breitscheid.de\/wp-content\/uploads\/2014\/10\/0163-1024x768.jpg\" title=\"Stra\u00dfenkinder\" rel=\"polaroid_1655802241\" class=\"polaroid-gallery-item showcaption\"><span class=\"polaroid-gallery-image\" title=\"\" style=\"background-image: url(https:\/\/ukrainehilfe-breitscheid.de\/wp-content\/uploads\/2014\/10\/0163-150x150.jpg); width: 150px; height: 150px;\"><\/span><\/a>\n\t\t\t<a href=\"https:\/\/ukrainehilfe-breitscheid.de\/wp-content\/uploads\/2014\/10\/01_6.preview.jpg\" title=\"Stra\u00dfenkinder\" rel=\"polaroid_1655802241\" class=\"polaroid-gallery-item showcaption\"><span class=\"polaroid-gallery-image\" title=\"\" style=\"background-image: url(https:\/\/ukrainehilfe-breitscheid.de\/wp-content\/uploads\/2014\/10\/01_6.preview-150x150.jpg); width: 150px; height: 150px;\"><\/span><\/a>\n\t\t\t<a href=\"https:\/\/ukrainehilfe-breitscheid.de\/wp-content\/uploads\/2014\/10\/IMG_3323-1024x683.jpg\" title=\"Stra\u00dfenkinder\" rel=\"polaroid_1655802241\" class=\"polaroid-gallery-item showcaption\"><span class=\"polaroid-gallery-image\" title=\"\" style=\"background-image: url(https:\/\/ukrainehilfe-breitscheid.de\/wp-content\/uploads\/2014\/10\/IMG_3323-150x150.jpg); width: 150px; height: 150px;\"><\/span><\/a>\n\t\t\t<br style=\"clear: both;\" \/>\n\t\t\t<a href=\"https:\/\/ukrainehilfe-breitscheid.de\/wp-content\/uploads\/2014\/10\/Oberih-108-1024x768.jpg\" title=\"Stra\u00dfenkinder\" rel=\"polaroid_1655802241\" class=\"polaroid-gallery-item showcaption\"><span class=\"polaroid-gallery-image\" title=\"\" style=\"background-image: url(https:\/\/ukrainehilfe-breitscheid.de\/wp-content\/uploads\/2014\/10\/Oberih-108-150x150.jpg); width: 150px; height: 150px;\"><\/span><\/a>\n\t\t\t<a href=\"https:\/\/ukrainehilfe-breitscheid.de\/wp-content\/uploads\/2014\/10\/Oberih-059.jpg\" title=\"Stra\u00dfenkinder\" rel=\"polaroid_1655802241\" class=\"polaroid-gallery-item showcaption\"><span class=\"polaroid-gallery-image\" title=\"\" style=\"background-image: url(https:\/\/ukrainehilfe-breitscheid.de\/wp-content\/uploads\/2014\/10\/Oberih-059-150x150.jpg); width: 150px; height: 150px;\"><\/span><\/a>\n\t\t\t<a href=\"https:\/\/ukrainehilfe-breitscheid.de\/wp-content\/uploads\/2014\/10\/Oberih-063-1024x768.jpg\" title=\"Stra\u00dfenkinder\" rel=\"polaroid_1655802241\" class=\"polaroid-gallery-item showcaption\"><span class=\"polaroid-gallery-image\" title=\"\" style=\"background-image: url(https:\/\/ukrainehilfe-breitscheid.de\/wp-content\/uploads\/2014\/10\/Oberih-063-150x150.jpg); width: 150px; height: 150px;\"><\/span><\/a>\n\t\t\t<a href=\"https:\/\/ukrainehilfe-breitscheid.de\/wp-content\/uploads\/2014\/10\/IMG_9828-1024x683.jpg\" title=\"Stra\u00dfenkinder\" rel=\"polaroid_1655802241\" class=\"polaroid-gallery-item showcaption\"><span class=\"polaroid-gallery-image\" title=\"\" style=\"background-image: url(https:\/\/ukrainehilfe-breitscheid.de\/wp-content\/uploads\/2014\/10\/IMG_9828-150x150.jpg); width: 150px; height: 150px;\"><\/span><\/a>\n\t\t\t<br style=\"clear: both;\" \/><\/div>\n\n<\/div>\n","protected":false},"excerpt":{"rendered":"<p>Die Jugendorganisation &#8222;Oberih&#8220; in Brody besteht seit 1994 und betreut mittlerweile rund 200 sozial schwache Jugendliche im Alter von 10 bis 25 Jahren auf christlicher Basis.\u00a0Manche davon blieben zur\u00fcck, als sich deren Eltern nach Westeuropa aufmachten, viele andere werden von ihren alkoholabh\u00e4ngigen Familien vernachl\u00e4ssigt. Die sozial schwachen Milieus in diesem Land verleiten leider sehr schnell [&hellip;]<\/p>\n","protected":false},"author":1,"featured_media":0,"parent":35,"menu_order":0,"comment_status":"closed","ping_status":"closed","template":"page-templates\/full-width.php","meta":{"footnotes":""},"class_list":["post-69","page","type-page","status-publish","hentry"],"_links":{"self":[{"href":"https:\/\/ukrainehilfe-breitscheid.de\/index.php?rest_route=\/wp\/v2\/pages\/69","targetHints":{"allow":["GET"]}}],"collection":[{"href":"https:\/\/ukrainehilfe-breitscheid.de\/index.php?rest_route=\/wp\/v2\/pages"}],"about":[{"href":"https:\/\/ukrainehilfe-breitscheid.de\/index.php?rest_route=\/wp\/v2\/types\/page"}],"author":[{"embeddable":true,"href":"https:\/\/ukrainehilfe-breitscheid.de\/index.php?rest_route=\/wp\/v2\/users\/1"}],"replies":[{"embeddable":true,"href":"https:\/\/ukrainehilfe-breitscheid.de\/index.php?rest_route=%2Fwp%2Fv2%2Fcomments&post=69"}],"version-history":[{"count":3,"href":"https:\/\/ukrainehilfe-breitscheid.de\/index.php?rest_route=\/wp\/v2\/pages\/69\/revisions"}],"predecessor-version":[{"id":322,"href":"https:\/\/ukrainehilfe-breitscheid.de\/index.php?rest_route=\/wp\/v2\/pages\/69\/revisions\/322"}],"up":[{"embeddable":true,"href":"https:\/\/ukrainehilfe-breitscheid.de\/index.php?rest_route=\/wp\/v2\/pages\/35"}],"wp:attachment":[{"href":"https:\/\/ukrainehilfe-breitscheid.de\/index.php?rest_route=%2Fwp%2Fv2%2Fmedia&parent=69"}],"curies":[{"name":"wp","href":"https:\/\/api.w.org\/{rel}","templated":true}]}}