{"id":71,"date":"2014-10-15T21:00:42","date_gmt":"2014-10-15T19:00:42","guid":{"rendered":"http:\/\/wordpress.ukrainehilfe-breitscheid.de\/?page_id=71"},"modified":"2016-11-07T19:43:24","modified_gmt":"2016-11-07T18:43:24","slug":"kinderheim","status":"publish","type":"page","link":"https:\/\/ukrainehilfe-breitscheid.de\/?page_id=71","title":{"rendered":"Kinderheim"},"content":{"rendered":"<div>\n<p>Das Kinderheim in Pidkamin war das erste Projekt der Ukrainehilfe Breitscheid. In diesem Internat f\u00fcr h\u00f6rgesch\u00e4digte Kinder, 25 km von Brody entfernt, erhalten ca. 180 M\u00e4dchen und Jungen im Alter von 3 bis 18 Jahren nach ihrer Schulausbildung in der Geb\u00e4rdensprache auf unsere Initiative hin eine staatlich anerkannte Ausbildung zur N\u00e4herin oder zum Schreiner und Schlosser. Durch diese gute Ausbildung erhalten die Jugendlichen die Chance in der freien Wirtschaft arbeiten und sich somit ihren Lebensunterhalt verdienen zu k\u00f6nnen, ein Weg weg von der Behinderung.<br \/>\nDie N\u00e4hmaschinen, Schultafeln, die Schreiner- und Schlosserwerkstatt, die Toilettenanlage, Flure, K\u00fcche usw. wurden mit unserer Hilfe seit 1992 erneuert bzw. aufgebaut.<\/p>\n<p>Da die Stromzufuhr zum Kinderheim besch\u00e4digt war, kam es immer wieder zu Stromschwankungen und -ausf\u00e4llen. Auch konnten notwendige Maschinen und Ger\u00e4te, z. B. Gro\u00dfwaschmaschine, Convectomat etc., nicht angeschlossen werden. Wir\u00a0entschlossen uns, durch die Verlegung eines neuen Hauptkabels vom Transformator bis hin zur Verteilerstation des Kinderheims und Setzung neuer Masten, diese Situation zu \u00e4ndern. Die Strom f\u00fchrenden Leitungen innerhalb des Kinderheims wurden ausgetauscht und die Querschnitte vergr\u00f6\u00dfert, damit auch Gro\u00dfmaschinen angeschlossen werden k\u00f6nnen.<\/p>\n<p>Die Wasserversorgung lag ebenso im Argen: F\u00fcr die gesamte Region stand nur ein kleiner, verrosteter Wasserhochbeh\u00e4lter zur Verf\u00fcgung, der den Wasserdruck, der f\u00fcr die Versorgung des Kinderheims notwendig war, nicht brachte. Auch hier schafften wir Abhilfe. So wurde der Wasserhochbeh\u00e4lter erneuert und Wasserspeicher mit Legionellenfiltern eingebaut und der Druck in den Leitungen erh\u00f6ht, so dass nun ein konstanter Wasserfluss gew\u00e4hrleistet ist.<\/p>\n<div class='polaroid-gallery galleryid-71' style='width:850px;'>\n\t\t\t<a href=\"https:\/\/ukrainehilfe-breitscheid.de\/wp-content\/uploads\/2014\/10\/KinderheimHinzu1-1024x768.jpg\" title=\"Kinderheim\" rel=\"polaroid_960723852\" class=\"polaroid-gallery-item showcaption\"><span class=\"polaroid-gallery-image\" title=\"\" style=\"background-image: url(https:\/\/ukrainehilfe-breitscheid.de\/wp-content\/uploads\/2014\/10\/KinderheimHinzu1-150x150.jpg); width: 150px; height: 150px;\"><\/span><\/a>\n\t\t\t<a href=\"https:\/\/ukrainehilfe-breitscheid.de\/wp-content\/uploads\/2014\/10\/KinderheimHinzu2-1024x768.jpg\" title=\"Kinderheim\" rel=\"polaroid_960723852\" class=\"polaroid-gallery-item showcaption\"><span class=\"polaroid-gallery-image\" title=\"\" style=\"background-image: url(https:\/\/ukrainehilfe-breitscheid.de\/wp-content\/uploads\/2014\/10\/KinderheimHinzu2-150x150.jpg); width: 150px; height: 150px;\"><\/span><\/a>\n\t\t\t<a href=\"https:\/\/ukrainehilfe-breitscheid.de\/wp-content\/uploads\/2014\/10\/278-1024x768.jpg\" title=\"Kinderheim\" rel=\"polaroid_960723852\" class=\"polaroid-gallery-item showcaption\"><span class=\"polaroid-gallery-image\" title=\"\" style=\"background-image: url(https:\/\/ukrainehilfe-breitscheid.de\/wp-content\/uploads\/2014\/10\/278-150x150.jpg); width: 150px; height: 150px;\"><\/span><\/a>\n\t\t\t<a href=\"https:\/\/ukrainehilfe-breitscheid.de\/wp-content\/uploads\/2014\/10\/Bilder-v.-Silas-Koch-1190-1024x682.jpg\" title=\"Kinderheim\" rel=\"polaroid_960723852\" class=\"polaroid-gallery-item showcaption\"><span class=\"polaroid-gallery-image\" title=\"\" style=\"background-image: url(https:\/\/ukrainehilfe-breitscheid.de\/wp-content\/uploads\/2014\/10\/Bilder-v.-Silas-Koch-1190-150x150.jpg); width: 150px; height: 150px;\"><\/span><\/a>\n\t\t\t<a href=\"https:\/\/ukrainehilfe-breitscheid.de\/wp-content\/uploads\/2014\/10\/IMG_51570-1024x768.jpg\" title=\"Kinderheim\" rel=\"polaroid_960723852\" class=\"polaroid-gallery-item showcaption\"><span class=\"polaroid-gallery-image\" title=\"\" style=\"background-image: url(https:\/\/ukrainehilfe-breitscheid.de\/wp-content\/uploads\/2014\/10\/IMG_51570-150x150.jpg); width: 150px; height: 150px;\"><\/span><\/a>\n\t\t\t<br style=\"clear: both;\" \/>\n\t\t\t<a href=\"https:\/\/ukrainehilfe-breitscheid.de\/wp-content\/uploads\/2014\/10\/IMG_51568-1024x768.jpg\" title=\"Kinderheim\" rel=\"polaroid_960723852\" class=\"polaroid-gallery-item showcaption\"><span class=\"polaroid-gallery-image\" title=\"\" style=\"background-image: url(https:\/\/ukrainehilfe-breitscheid.de\/wp-content\/uploads\/2014\/10\/IMG_51568-150x150.jpg); width: 150px; height: 150px;\"><\/span><\/a>\n\t\t\t<a href=\"https:\/\/ukrainehilfe-breitscheid.de\/wp-content\/uploads\/2014\/10\/Staus-333-1024x768.jpg\" title=\"Kinderheim\" rel=\"polaroid_960723852\" class=\"polaroid-gallery-item showcaption\"><span class=\"polaroid-gallery-image\" title=\"\" style=\"background-image: url(https:\/\/ukrainehilfe-breitscheid.de\/wp-content\/uploads\/2014\/10\/Staus-333-150x150.jpg); width: 150px; height: 150px;\"><\/span><\/a>\n\t\t\t<a href=\"https:\/\/ukrainehilfe-breitscheid.de\/wp-content\/uploads\/2014\/10\/Bilder-v.-Silas-Koch-1189-1024x682.jpg\" title=\"Kinderheim\" rel=\"polaroid_960723852\" class=\"polaroid-gallery-item showcaption\"><span class=\"polaroid-gallery-image\" title=\"\" style=\"background-image: url(https:\/\/ukrainehilfe-breitscheid.de\/wp-content\/uploads\/2014\/10\/Bilder-v.-Silas-Koch-1189-150x150.jpg); width: 150px; height: 150px;\"><\/span><\/a>\n\t\t\t<a href=\"https:\/\/ukrainehilfe-breitscheid.de\/wp-content\/uploads\/2014\/10\/IMG_1029-1024x768.jpg\" title=\"Kinderheim\" rel=\"polaroid_960723852\" class=\"polaroid-gallery-item showcaption\"><span class=\"polaroid-gallery-image\" title=\"\" style=\"background-image: url(https:\/\/ukrainehilfe-breitscheid.de\/wp-content\/uploads\/2014\/10\/IMG_1029-150x150.jpg); width: 150px; height: 150px;\"><\/span><\/a>\n\t\t\t<a href=\"https:\/\/ukrainehilfe-breitscheid.de\/wp-content\/uploads\/2014\/10\/IMG_1019-1024x768.jpg\" title=\"Kinderheim\" rel=\"polaroid_960723852\" class=\"polaroid-gallery-item showcaption\"><span class=\"polaroid-gallery-image\" title=\"\" style=\"background-image: url(https:\/\/ukrainehilfe-breitscheid.de\/wp-content\/uploads\/2014\/10\/IMG_1019-150x150.jpg); width: 150px; height: 150px;\"><\/span><\/a>\n\t\t\t<br style=\"clear: both;\" \/>\n\t\t\t<a href=\"https:\/\/ukrainehilfe-breitscheid.de\/wp-content\/uploads\/2014\/10\/2011-05-056-1024x768.jpg\" title=\"Kinderheim\" rel=\"polaroid_960723852\" class=\"polaroid-gallery-item showcaption\"><span class=\"polaroid-gallery-image\" title=\"\" style=\"background-image: url(https:\/\/ukrainehilfe-breitscheid.de\/wp-content\/uploads\/2014\/10\/2011-05-056-150x150.jpg); width: 150px; height: 150px;\"><\/span><\/a>\n\t\t\t<a href=\"https:\/\/ukrainehilfe-breitscheid.de\/wp-content\/uploads\/2014\/10\/IMG_51564-1024x768.jpg\" title=\"Kinderheim\" rel=\"polaroid_960723852\" class=\"polaroid-gallery-item showcaption\"><span class=\"polaroid-gallery-image\" title=\"\" style=\"background-image: url(https:\/\/ukrainehilfe-breitscheid.de\/wp-content\/uploads\/2014\/10\/IMG_51564-150x150.jpg); width: 150px; height: 150px;\"><\/span><\/a>\n\t\t\t<a href=\"https:\/\/ukrainehilfe-breitscheid.de\/wp-content\/uploads\/2014\/10\/332-1024x768.jpg\" title=\"Kinderheim\" rel=\"polaroid_960723852\" class=\"polaroid-gallery-item showcaption\"><span class=\"polaroid-gallery-image\" title=\"\" style=\"background-image: url(https:\/\/ukrainehilfe-breitscheid.de\/wp-content\/uploads\/2014\/10\/332-150x150.jpg); width: 150px; height: 150px;\"><\/span><\/a>\n\t\t\t<a href=\"https:\/\/ukrainehilfe-breitscheid.de\/wp-content\/uploads\/2014\/10\/IMG_51511-1024x768.jpg\" title=\"Kinderheim\" rel=\"polaroid_960723852\" class=\"polaroid-gallery-item showcaption\"><span class=\"polaroid-gallery-image\" title=\"\" style=\"background-image: url(https:\/\/ukrainehilfe-breitscheid.de\/wp-content\/uploads\/2014\/10\/IMG_51511-150x150.jpg); width: 150px; height: 150px;\"><\/span><\/a>\n\t\t\t<a href=\"https:\/\/ukrainehilfe-breitscheid.de\/wp-content\/uploads\/2014\/10\/IMG_1035-1024x768.jpg\" title=\"Kinderheim\" rel=\"polaroid_960723852\" class=\"polaroid-gallery-item showcaption\"><span class=\"polaroid-gallery-image\" title=\"\" style=\"background-image: url(https:\/\/ukrainehilfe-breitscheid.de\/wp-content\/uploads\/2014\/10\/IMG_1035-150x150.jpg); width: 150px; height: 150px;\"><\/span><\/a>\n\t\t\t<br style=\"clear: both;\" \/>\n\t\t\t<a href=\"https:\/\/ukrainehilfe-breitscheid.de\/wp-content\/uploads\/2014\/10\/005-1024x768.jpg\" title=\"Kinderheim\" rel=\"polaroid_960723852\" class=\"polaroid-gallery-item showcaption\"><span class=\"polaroid-gallery-image\" title=\"\" style=\"background-image: url(https:\/\/ukrainehilfe-breitscheid.de\/wp-content\/uploads\/2014\/10\/005-150x150.jpg); width: 150px; height: 150px;\"><\/span><\/a>\n\t\t\t<br style=\"clear: both;\" \/><\/div>\n\n<\/div>\n","protected":false},"excerpt":{"rendered":"<p>Das Kinderheim in Pidkamin war das erste Projekt der Ukrainehilfe Breitscheid. In diesem Internat f\u00fcr h\u00f6rgesch\u00e4digte Kinder, 25 km von Brody entfernt, erhalten ca. 180 M\u00e4dchen und Jungen im Alter von 3 bis 18 Jahren nach ihrer Schulausbildung in der Geb\u00e4rdensprache auf unsere Initiative hin eine staatlich anerkannte Ausbildung zur N\u00e4herin oder zum Schreiner und [&hellip;]<\/p>\n","protected":false},"author":1,"featured_media":0,"parent":35,"menu_order":0,"comment_status":"closed","ping_status":"closed","template":"page-templates\/full-width.php","meta":{"footnotes":""},"class_list":["post-71","page","type-page","status-publish","hentry"],"_links":{"self":[{"href":"https:\/\/ukrainehilfe-breitscheid.de\/index.php?rest_route=\/wp\/v2\/pages\/71","targetHints":{"allow":["GET"]}}],"collection":[{"href":"https:\/\/ukrainehilfe-breitscheid.de\/index.php?rest_route=\/wp\/v2\/pages"}],"about":[{"href":"https:\/\/ukrainehilfe-breitscheid.de\/index.php?rest_route=\/wp\/v2\/types\/page"}],"author":[{"embeddable":true,"href":"https:\/\/ukrainehilfe-breitscheid.de\/index.php?rest_route=\/wp\/v2\/users\/1"}],"replies":[{"embeddable":true,"href":"https:\/\/ukrainehilfe-breitscheid.de\/index.php?rest_route=%2Fwp%2Fv2%2Fcomments&post=71"}],"version-history":[{"count":4,"href":"https:\/\/ukrainehilfe-breitscheid.de\/index.php?rest_route=\/wp\/v2\/pages\/71\/revisions"}],"predecessor-version":[{"id":453,"href":"https:\/\/ukrainehilfe-breitscheid.de\/index.php?rest_route=\/wp\/v2\/pages\/71\/revisions\/453"}],"up":[{"embeddable":true,"href":"https:\/\/ukrainehilfe-breitscheid.de\/index.php?rest_route=\/wp\/v2\/pages\/35"}],"wp:attachment":[{"href":"https:\/\/ukrainehilfe-breitscheid.de\/index.php?rest_route=%2Fwp%2Fv2%2Fmedia&parent=71"}],"curies":[{"name":"wp","href":"https:\/\/api.w.org\/{rel}","templated":true}]}}