{"id":77,"date":"2014-10-15T21:04:35","date_gmt":"2014-10-15T19:04:35","guid":{"rendered":"http:\/\/wordpress.ukrainehilfe-breitscheid.de\/?page_id=77"},"modified":"2015-01-25T17:54:52","modified_gmt":"2015-01-25T16:54:52","slug":"weihnachtspaeckchen","status":"publish","type":"page","link":"https:\/\/ukrainehilfe-breitscheid.de\/?page_id=77","title":{"rendered":"Weihnachtsp\u00e4ckchen"},"content":{"rendered":"<h2 style=\"text-align: center;\"><strong>\u201eWeihnachtsp\u00e4ckchen von Herzen\u201c<\/strong><\/h2>\n<p>Durch die Armut sind sozial schwache Eltern nicht in der Lage, ihren Kindern zu Weihnachten, das in der Ukraine am 6. Januar gefeiert wird, Geschenke zu machen. Auch im Kinderheim in Pidkamin ist dies nicht m\u00f6glich, da hierf\u00fcr kein Geld vorhanden ist. Deshalb haben wir\u00a0erstmals in 2002 die Aktion \u201eWeihnachtsp\u00e4ckchen von Herzen\u201c ins Leben gerufen. Seitdem wurden ca. 5.000 Weihnachtsp\u00e4cken liebevoll von zahlreichen Spendern mit kleinen Geschenken wie S\u00fc\u00dfigkeiten, Spielsachen, Schreibutensilien, Pflegeprodukten etc. gepackt und bei den Herbsttransporten mitgenommen.<\/p>\n<p>Die Weihnachtsp\u00e4ckchen werden von unseren ukrainischen Partnern an Weihnachten direkt an die Kinder verteilt. Manche dieser Kinder haben noch nie ein Geschenk zu Weihnachten erhalten,<\/p>\n<p>Machen Sie mit &#8211; lassen Sie mit Ihren Weihnachtsp\u00e4ckchen Kinderaugen leuchten!<\/p>\n<p><strong>Wie wird\u2019s gemacht?<\/strong><\/p>\n<p>Benutzen Sie einen normalen Schuhkarton, den Sie mit neuen Geschenken f\u00fcllen, in Weihnachtspapier verpacken und mit einem Aufkleber versehen, aus dem hervorgeht, ob das Geschenk f\u00fcr ein M\u00e4dchen oder einen Jungen gepackt ist und f\u00fcr welches Alter. Hierzu k\u00f6nnen Sie die Vorlagen aus unserem \u201eWeihnachtsp\u00e4ckchen von Herzen\u201c-Flyer verwenden.<\/p>\n<p><strong>Geschenkideen<\/strong><\/p>\n<ul>\n<li>Schreibutensilien<br \/>\n<em>Malb\u00fccher Stifte, Radiergummis, Spitzer, Hefte, M\u00e4ppchen \u2026<\/em><\/li>\n<\/ul>\n<ul>\n<li>Spielsachen<br \/>\n<em>Puppe, Auto, Kuscheltier, Puzzle, Geschicklichkeitsspiel \u2026<\/em><\/li>\n<\/ul>\n<ul>\n<li>Pflegemittel<br \/>\n<em>Zahncreme, -b\u00fcrste, Duschbad, Shampoo, Lippenpflegestift, Kamm, B\u00fcrste, Waschlappen, Handtuch, Haarspange \u2026<\/em><\/li>\n<\/ul>\n<ul>\n<li>S\u00fc\u00dfigkeiten<br \/>\n<em>Kaugummi, Schokolade, Lutscher, Traubenzucker \u2026<\/em><\/li>\n<\/ul>\n<ul>\n<li>Kleidung<br \/>\n<em>Handschuhe, M\u00fctze, Schal, Socken, T-Shirt, Str\u00fcmpfe \u2026<\/em><\/li>\n<\/ul>\n<p><strong>Das darf nicht eingepackt werden:<\/strong><\/p>\n<ul>\n<li>Gebrauchte oder defekte Gegenst\u00e4nde<\/li>\n<li>Kriegsspielzeug, Taschenmesser, deutschsprachige Spiele, B\u00fccher, batteriebetriebene Spielsachen, elektronische Ger\u00e4te, H\u00f6rspielkassetten, CDs<\/li>\n<li>Zerbrechliche oder fl\u00fcssige Geschenke<\/li>\n<li>Lebensmittel, Medikamente, Nahrungserg\u00e4nzungsmittel<\/li>\n<\/ul>\n<div class='polaroid-gallery galleryid-77' style='width:680px;'>\n\t\t\t<a href=\"https:\/\/ukrainehilfe-breitscheid.de\/wp-content\/uploads\/2014\/10\/017-1024x768.jpg\" title=\"Weihnachtsp\u00e4ckchen\" rel=\"polaroid_301061255\" class=\"polaroid-gallery-item showcaption\"><span class=\"polaroid-gallery-image\" title=\"\" style=\"background-image: url(https:\/\/ukrainehilfe-breitscheid.de\/wp-content\/uploads\/2014\/10\/017-150x150.jpg); width: 150px; height: 150px;\"><\/span><\/a>\n\t\t\t<a href=\"https:\/\/ukrainehilfe-breitscheid.de\/wp-content\/uploads\/2014\/10\/0011-1024x768.jpg\" title=\"Weihnachtsp\u00e4ckchen\" rel=\"polaroid_301061255\" class=\"polaroid-gallery-item showcaption\"><span class=\"polaroid-gallery-image\" title=\"\" style=\"background-image: url(https:\/\/ukrainehilfe-breitscheid.de\/wp-content\/uploads\/2014\/10\/0011-150x150.jpg); width: 150px; height: 150px;\"><\/span><\/a>\n\t\t\t<a href=\"https:\/\/ukrainehilfe-breitscheid.de\/wp-content\/uploads\/2014\/10\/016-1024x768.jpg\" title=\"Weihnachtsp\u00e4ckchen\" rel=\"polaroid_301061255\" class=\"polaroid-gallery-item showcaption\"><span class=\"polaroid-gallery-image\" title=\"\" style=\"background-image: url(https:\/\/ukrainehilfe-breitscheid.de\/wp-content\/uploads\/2014\/10\/016-150x150.jpg); width: 150px; height: 150px;\"><\/span><\/a>\n\t\t\t<a href=\"https:\/\/ukrainehilfe-breitscheid.de\/wp-content\/uploads\/2014\/10\/0061-1024x768.jpg\" title=\"Weihnachtsp\u00e4ckchen\" rel=\"polaroid_301061255\" class=\"polaroid-gallery-item showcaption\"><span class=\"polaroid-gallery-image\" title=\"\" style=\"background-image: url(https:\/\/ukrainehilfe-breitscheid.de\/wp-content\/uploads\/2014\/10\/0061-150x150.jpg); width: 150px; height: 150px;\"><\/span><\/a>\n\t\t\t<br style=\"clear: both;\" \/>\n\t\t\t<a href=\"https:\/\/ukrainehilfe-breitscheid.de\/wp-content\/uploads\/2014\/10\/0071.jpg\" title=\"Weihnachtsp\u00e4ckchen\" rel=\"polaroid_301061255\" class=\"polaroid-gallery-item showcaption\"><span class=\"polaroid-gallery-image\" title=\"\" style=\"background-image: url(https:\/\/ukrainehilfe-breitscheid.de\/wp-content\/uploads\/2014\/10\/0071-150x150.jpg); width: 150px; height: 150px;\"><\/span><\/a>\n\t\t\t<a href=\"https:\/\/ukrainehilfe-breitscheid.de\/wp-content\/uploads\/2014\/10\/013-1024x576.jpg\" title=\"Weihnachtsp\u00e4ckchen\" rel=\"polaroid_301061255\" class=\"polaroid-gallery-item showcaption\"><span class=\"polaroid-gallery-image\" title=\"\" style=\"background-image: url(https:\/\/ukrainehilfe-breitscheid.de\/wp-content\/uploads\/2014\/10\/013-150x150.jpg); width: 150px; height: 150px;\"><\/span><\/a>\n\t\t\t<a href=\"https:\/\/ukrainehilfe-breitscheid.de\/wp-content\/uploads\/2014\/10\/0052.jpg\" title=\"Weihnachtsp\u00e4ckchen\" rel=\"polaroid_301061255\" class=\"polaroid-gallery-item showcaption\"><span class=\"polaroid-gallery-image\" title=\"\" style=\"background-image: url(https:\/\/ukrainehilfe-breitscheid.de\/wp-content\/uploads\/2014\/10\/0052-150x150.jpg); width: 150px; height: 150px;\"><\/span><\/a>\n\t\t\t<a href=\"https:\/\/ukrainehilfe-breitscheid.de\/wp-content\/uploads\/2014\/10\/0021.jpg\" title=\"Weihnachtsp\u00e4ckchen\" rel=\"polaroid_301061255\" class=\"polaroid-gallery-item showcaption\"><span class=\"polaroid-gallery-image\" title=\"\" style=\"background-image: url(https:\/\/ukrainehilfe-breitscheid.de\/wp-content\/uploads\/2014\/10\/0021-150x150.jpg); width: 150px; height: 150px;\"><\/span><\/a>\n\t\t\t<br style=\"clear: both;\" \/>\n\t\t\t<a href=\"https:\/\/ukrainehilfe-breitscheid.de\/wp-content\/uploads\/2014\/10\/008-1024x768.jpg\" title=\"Weihnachtsp\u00e4ckchen\" rel=\"polaroid_301061255\" class=\"polaroid-gallery-item showcaption\"><span class=\"polaroid-gallery-image\" title=\"\" style=\"background-image: url(https:\/\/ukrainehilfe-breitscheid.de\/wp-content\/uploads\/2014\/10\/008-150x150.jpg); width: 150px; height: 150px;\"><\/span><\/a>\n\t\t\t<a href=\"https:\/\/ukrainehilfe-breitscheid.de\/wp-content\/uploads\/2014\/10\/0091-1024x768.jpg\" title=\"Weihnachtsp\u00e4ckchen\" rel=\"polaroid_301061255\" class=\"polaroid-gallery-item showcaption\"><span class=\"polaroid-gallery-image\" title=\"\" style=\"background-image: url(https:\/\/ukrainehilfe-breitscheid.de\/wp-content\/uploads\/2014\/10\/0091-150x150.jpg); width: 150px; height: 150px;\"><\/span><\/a>\n\t\t\t<a href=\"https:\/\/ukrainehilfe-breitscheid.de\/wp-content\/uploads\/2014\/10\/0111-1024x768.jpg\" title=\"Weihnachtsp\u00e4ckchen\" rel=\"polaroid_301061255\" class=\"polaroid-gallery-item showcaption\"><span class=\"polaroid-gallery-image\" title=\"\" style=\"background-image: url(https:\/\/ukrainehilfe-breitscheid.de\/wp-content\/uploads\/2014\/10\/0111-150x150.jpg); width: 150px; height: 150px;\"><\/span><\/a>\n\t\t\t<a href=\"https:\/\/ukrainehilfe-breitscheid.de\/wp-content\/uploads\/2014\/10\/014.jpg\" title=\"Weihnachtsp\u00e4ckchen\" rel=\"polaroid_301061255\" class=\"polaroid-gallery-item showcaption\"><span class=\"polaroid-gallery-image\" title=\"\" style=\"background-image: url(https:\/\/ukrainehilfe-breitscheid.de\/wp-content\/uploads\/2014\/10\/014-150x150.jpg); width: 150px; height: 150px;\"><\/span><\/a>\n\t\t\t<br style=\"clear: both;\" \/>\n\t\t\t<a href=\"https:\/\/ukrainehilfe-breitscheid.de\/wp-content\/uploads\/2014\/10\/012-1024x768.jpg\" title=\"Weihnachtsp\u00e4ckchen\" rel=\"polaroid_301061255\" class=\"polaroid-gallery-item showcaption\"><span class=\"polaroid-gallery-image\" title=\"\" style=\"background-image: url(https:\/\/ukrainehilfe-breitscheid.de\/wp-content\/uploads\/2014\/10\/012-150x150.jpg); width: 150px; height: 150px;\"><\/span><\/a>\n\t\t\t<a href=\"https:\/\/ukrainehilfe-breitscheid.de\/wp-content\/uploads\/2014\/10\/018-1024x768.jpg\" title=\"Weihnachtsp\u00e4ckchen\" rel=\"polaroid_301061255\" class=\"polaroid-gallery-item showcaption\"><span class=\"polaroid-gallery-image\" title=\"\" style=\"background-image: url(https:\/\/ukrainehilfe-breitscheid.de\/wp-content\/uploads\/2014\/10\/018-150x150.jpg); width: 150px; height: 150px;\"><\/span><\/a>\n\t\t\t<a href=\"https:\/\/ukrainehilfe-breitscheid.de\/wp-content\/uploads\/2014\/10\/0032-1024x768.jpg\" title=\"Weihnachtsp\u00e4ckchen\" rel=\"polaroid_301061255\" class=\"polaroid-gallery-item showcaption\"><span class=\"polaroid-gallery-image\" title=\"\" style=\"background-image: url(https:\/\/ukrainehilfe-breitscheid.de\/wp-content\/uploads\/2014\/10\/0032-150x150.jpg); width: 150px; height: 150px;\"><\/span><\/a>\n\t\t\t<a href=\"https:\/\/ukrainehilfe-breitscheid.de\/wp-content\/uploads\/2014\/10\/015.jpg\" title=\"Weihnachtsp\u00e4ckchen\" rel=\"polaroid_301061255\" class=\"polaroid-gallery-item showcaption\"><span class=\"polaroid-gallery-image\" title=\"\" style=\"background-image: url(https:\/\/ukrainehilfe-breitscheid.de\/wp-content\/uploads\/2014\/10\/015-150x150.jpg); width: 150px; height: 150px;\"><\/span><\/a>\n\t\t\t<br style=\"clear: both;\" \/>\n\t\t\t<a href=\"https:\/\/ukrainehilfe-breitscheid.de\/wp-content\/uploads\/2014\/10\/0101-1024x768.jpg\" title=\"Weihnachtsp\u00e4ckchen\" rel=\"polaroid_301061255\" class=\"polaroid-gallery-item showcaption\"><span class=\"polaroid-gallery-image\" title=\"\" style=\"background-image: url(https:\/\/ukrainehilfe-breitscheid.de\/wp-content\/uploads\/2014\/10\/0101-150x150.jpg); width: 150px; height: 150px;\"><\/span><\/a>\n\t\t\t<br style=\"clear: both;\" \/><\/div>\n\n","protected":false},"excerpt":{"rendered":"<p>\u201eWeihnachtsp\u00e4ckchen von Herzen\u201c Durch die Armut sind sozial schwache Eltern nicht in der Lage, ihren Kindern zu Weihnachten, das in der Ukraine am 6. Januar gefeiert wird, Geschenke zu machen. Auch im Kinderheim in Pidkamin ist dies nicht m\u00f6glich, da hierf\u00fcr kein Geld vorhanden ist. Deshalb haben wir\u00a0erstmals in 2002 die Aktion \u201eWeihnachtsp\u00e4ckchen von Herzen\u201c [&hellip;]<\/p>\n","protected":false},"author":1,"featured_media":0,"parent":35,"menu_order":0,"comment_status":"closed","ping_status":"closed","template":"page-templates\/full-width.php","meta":{"footnotes":""},"class_list":["post-77","page","type-page","status-publish","hentry"],"_links":{"self":[{"href":"https:\/\/ukrainehilfe-breitscheid.de\/index.php?rest_route=\/wp\/v2\/pages\/77","targetHints":{"allow":["GET"]}}],"collection":[{"href":"https:\/\/ukrainehilfe-breitscheid.de\/index.php?rest_route=\/wp\/v2\/pages"}],"about":[{"href":"https:\/\/ukrainehilfe-breitscheid.de\/index.php?rest_route=\/wp\/v2\/types\/page"}],"author":[{"embeddable":true,"href":"https:\/\/ukrainehilfe-breitscheid.de\/index.php?rest_route=\/wp\/v2\/users\/1"}],"replies":[{"embeddable":true,"href":"https:\/\/ukrainehilfe-breitscheid.de\/index.php?rest_route=%2Fwp%2Fv2%2Fcomments&post=77"}],"version-history":[{"count":3,"href":"https:\/\/ukrainehilfe-breitscheid.de\/index.php?rest_route=\/wp\/v2\/pages\/77\/revisions"}],"predecessor-version":[{"id":354,"href":"https:\/\/ukrainehilfe-breitscheid.de\/index.php?rest_route=\/wp\/v2\/pages\/77\/revisions\/354"}],"up":[{"embeddable":true,"href":"https:\/\/ukrainehilfe-breitscheid.de\/index.php?rest_route=\/wp\/v2\/pages\/35"}],"wp:attachment":[{"href":"https:\/\/ukrainehilfe-breitscheid.de\/index.php?rest_route=%2Fwp%2Fv2%2Fmedia&parent=77"}],"curies":[{"name":"wp","href":"https:\/\/api.w.org\/{rel}","templated":true}]}}