{"id":881,"date":"2022-03-26T14:02:30","date_gmt":"2022-03-26T13:02:30","guid":{"rendered":"https:\/\/ukrainehilfe-breitscheid.de\/?page_id=881"},"modified":"2022-09-06T18:05:35","modified_gmt":"2022-09-06T16:05:35","slug":"sachspenden-2022","status":"publish","type":"page","link":"https:\/\/ukrainehilfe-breitscheid.de\/?page_id=881","title":{"rendered":"Sachspenden 2022"},"content":{"rendered":"<div class=\"wp-block-image\">\n<figure class=\"aligncenter size-full\"><a href=\"https:\/\/ukrainehilfe-breitscheid.de\/wp-content\/uploads\/2022\/03\/grafik.png\"><img loading=\"lazy\" decoding=\"async\" width=\"260\" height=\"237\" src=\"https:\/\/ukrainehilfe-breitscheid.de\/wp-content\/uploads\/2022\/03\/grafik.png\" alt=\"\" class=\"wp-image-882\"\/><\/a><\/figure>\n<\/div>\n\n\n<p><strong>Aufgrund der derzeitigen Situation k\u00f6nnen wir momentan <mark style=\"background-color:rgba(0, 0, 0, 0)\" class=\"has-inline-color has-vivid-red-color\"><u>ausschlie\u00dflich<\/u> <\/mark>folgende Sachspenden bei unseren Lager\u00f6ffnungen annehmen:<\/strong><\/p>\n\n\n\n<ul class=\"wp-block-list\"><li><mark style=\"background-color:rgba(0, 0, 0, 0)\" class=\"has-inline-color has-luminous-vivid-orange-color\"><strong>Medizinische Produkte<\/strong><\/mark><\/li><li>Steriles Verbandsmaterial, elastische Binden, Druckverb\u00e4nde, sterile Kompressen, Heftpflaster, Einweghandschuhe, Verbandsscheren, Desinfektionsmittel, Hausapotheken, Verbandsk\u00e4sten\u2026<\/li><li>Medikamente (mind. noch 6 Monate haltbar!): Schmerzmittel, Fiebermittel, antiseptische Wundcreme, Vitaminbrausetabletten\u2026<\/li><li><strong><mark style=\"background-color:rgba(0, 0, 0, 0)\" class=\"has-inline-color has-luminous-vivid-orange-color\">Haltbare Lebensmittel<\/mark><\/strong><\/li><li>Konserven (Fertigsuppen, Eint\u00f6pfe, Fleischkonserven, Gem\u00fcsekonserven, Obstkonserven\u2026), Fruchtp\u00fcree, Nudeln, Reis, \u00d6l, Mehl, Zucker, Tee, Kaffee, Trockenfr\u00fcchte, Haferflocken, Marmelade, Babynahrung, Wasser etc.<\/li><li><strong><mark style=\"background-color:rgba(0, 0, 0, 0)\" class=\"has-inline-color has-luminous-vivid-orange-color\">Hygieneartikel<\/mark><\/strong><\/li><li>\u00a0Windeln in allen Gr\u00f6\u00dfen, Feuchtt\u00fccher, Duschgel, Shampoo, Zahnb\u00fcrsten, Zahnpasta, Frauenhygieneprodukte (Einlagen, Binden, Tampons) \u2026<\/li><li><strong><mark style=\"background-color:rgba(0, 0, 0, 0)\" class=\"has-inline-color has-luminous-vivid-orange-color\">Technische Utensilien<\/mark><\/strong><\/li><li>Batterien, Taschenlampen, Stirnlampen, Powerbanks, Funkger\u00e4te (Ukw)\u2026<\/li><li><strong><mark style=\"background-color:rgba(0, 0, 0, 0)\" class=\"has-inline-color has-luminous-vivid-orange-color\">Schlafm\u00f6glichkeiten<\/mark><\/strong><\/li><li>Liegen, Feldbetten, Schlafs\u00e4cke, Matratzen, Bettw\u00e4sche, Zudecken, Kopfkissen, Wolldecken, Zelte (max. 5 Jahre alt)<\/li><li><strong><mark style=\"background-color:rgba(0, 0, 0, 0)\" class=\"has-inline-color has-luminous-vivid-orange-color\">Textilien und Schuhe<\/mark><\/strong><\/li><li>Handt\u00fccher, Badet\u00fccher, Waschlappen, Kleidung, feste Schuhe (keine Pumps)<\/li><li><mark><strong>Es werden dringend Thermo-Unterw\u00e4sche, warme Socken und feste Schuhe ben\u00f6tigt!<\/strong><\/mark><\/li><li><strong>\u2026 und nat\u00fcrlich Geldspenden, damit der Ankauf von dringend ben\u00f6tigten Materialien gew\u00e4hrleistet ist<\/strong><\/li><\/ul>\n","protected":false},"excerpt":{"rendered":"<p>Aufgrund der derzeitigen Situation k\u00f6nnen wir momentan ausschlie\u00dflich folgende Sachspenden bei unseren Lager\u00f6ffnungen annehmen: Medizinische Produkte Steriles Verbandsmaterial, elastische Binden, Druckverb\u00e4nde, sterile Kompressen, Heftpflaster, Einweghandschuhe, Verbandsscheren, Desinfektionsmittel, Hausapotheken, Verbandsk\u00e4sten\u2026 Medikamente (mind. noch 6 Monate haltbar!): Schmerzmittel, Fiebermittel, antiseptische Wundcreme, Vitaminbrausetabletten\u2026 Haltbare Lebensmittel Konserven (Fertigsuppen, Eint\u00f6pfe, Fleischkonserven, Gem\u00fcsekonserven, Obstkonserven\u2026), Fruchtp\u00fcree, Nudeln, Reis, \u00d6l, Mehl, Zucker, Tee, [&hellip;]<\/p>\n","protected":false},"author":1,"featured_media":0,"parent":0,"menu_order":0,"comment_status":"closed","ping_status":"closed","template":"","meta":{"footnotes":""},"class_list":["post-881","page","type-page","status-publish","hentry"],"_links":{"self":[{"href":"https:\/\/ukrainehilfe-breitscheid.de\/index.php?rest_route=\/wp\/v2\/pages\/881","targetHints":{"allow":["GET"]}}],"collection":[{"href":"https:\/\/ukrainehilfe-breitscheid.de\/index.php?rest_route=\/wp\/v2\/pages"}],"about":[{"href":"https:\/\/ukrainehilfe-breitscheid.de\/index.php?rest_route=\/wp\/v2\/types\/page"}],"author":[{"embeddable":true,"href":"https:\/\/ukrainehilfe-breitscheid.de\/index.php?rest_route=\/wp\/v2\/users\/1"}],"replies":[{"embeddable":true,"href":"https:\/\/ukrainehilfe-breitscheid.de\/index.php?rest_route=%2Fwp%2Fv2%2Fcomments&post=881"}],"version-history":[{"count":3,"href":"https:\/\/ukrainehilfe-breitscheid.de\/index.php?rest_route=\/wp\/v2\/pages\/881\/revisions"}],"predecessor-version":[{"id":921,"href":"https:\/\/ukrainehilfe-breitscheid.de\/index.php?rest_route=\/wp\/v2\/pages\/881\/revisions\/921"}],"wp:attachment":[{"href":"https:\/\/ukrainehilfe-breitscheid.de\/index.php?rest_route=%2Fwp%2Fv2%2Fmedia&parent=881"}],"curies":[{"name":"wp","href":"https:\/\/api.w.org\/{rel}","templated":true}]}}